{"id":3,"date":"2020-10-11T12:50:44","date_gmt":"2020-10-11T10:50:44","guid":{"rendered":"https:\/\/biojuice.pl\/en\/?page_id=3"},"modified":"2023-02-01T14:53:16","modified_gmt":"2023-02-01T13:53:16","slug":"privacy-policy","status":"publish","type":"page","link":"https:\/\/biojuice.pl\/en\/privacy-policy\/","title":{"rendered":"Privacy Policy"},"content":{"rendered":"<p>[et_pb_section fb_built=&#8221;1&#8243; _builder_version=&#8221;4.6.5&#8243; _module_preset=&#8221;default&#8221; custom_padding=&#8221;30px|||||&#8221; locked=&#8221;off&#8221;][et_pb_row _builder_version=&#8221;4.6.5&#8243; _module_preset=&#8221;default&#8221; locked=&#8221;off&#8221;][et_pb_column type=&#8221;4_4&#8243; _builder_version=&#8221;4.6.5&#8243; _module_preset=&#8221;default&#8221;][et_pb_image src=&#8221;https:\/\/biojuice.pl\/en\/wp-content\/uploads\/2020\/10\/sliwka.png&#8221; title_text=&#8221;sliwka&#8221; align=&#8221;center&#8221; _builder_version=&#8221;4.6.5&#8243; _module_preset=&#8221;default&#8221;][\/et_pb_image][et_pb_text _builder_version=&#8221;4.6.5&#8243; _module_preset=&#8221;default&#8221; header_font=&#8221;|700|||||||&#8221; header_text_align=&#8221;center&#8221; header_text_color=&#8221;#81980a&#8221; header_font_size=&#8221;28px&#8221; header_2_font=&#8221;|800|||||||&#8221; header_2_text_align=&#8221;center&#8221; header_2_text_color=&#8221;#669030&#8243;]<\/p>\n<h1>Privacy Policy<\/h1>\n<p>[\/et_pb_text][et_pb_text _builder_version=&#8221;4.6.5&#8243; _module_preset=&#8221;default&#8221; text_font=&#8221;|700|||||||&#8221; text_text_color=&#8221;#4d4d4d&#8221; text_font_size=&#8221;17px&#8221; link_font=&#8221;|700||||||#669030|&#8221; link_text_color=&#8221;#669030&#8243; header_3_font=&#8221;Lato|||on|||||&#8221; header_3_text_align=&#8221;left&#8221; header_3_text_color=&#8221;#4d4d4d&#8221; text_orientation=&#8221;justified&#8221; custom_margin=&#8221;||23px||false|false&#8221; locked=&#8221;off&#8221;]<\/p>\n<p><strong>Dear User!<\/strong><br \/> We try our best to make you comfortable and secure while using our website. Below you can find most important information regarding rules of handling personal data and cookies that we collect. All the processes are defined in accordance with GDPR.<\/p>\n<h4>1. Personal data admin<\/h4>\n<p>In order to fully take advantage of our service (purchase, set up an individual account) user needs to provide us with some personal data. The admin of the collected data is: P.P.H.U. Bio Juice Piotr Michalak located in \u0141uk\u00f3w, D\u0105bie 164b, NIP: 8252133182, REGON: 0617157111.<\/p>\n<h4>2. Data handling purpose<\/h4>\n<p>The admin of the data handles the data within the scope and purpose necessary to enable proper use of the online shop, especially to be able to place an order and set-up individual user\u2019s account. Depending on the additional permission for newsletter, user\u2019s e-mail can be used for marketing purpose, among others to send commercial information electronically.<\/p>\n<h4>3. Data security<\/h4>\n<p>While handling users\u2019 personal data we follow all the necessary processes in accordance with due law, among others we use SSL certificate.<\/p>\n<h4>4. Third Party access to the data<\/h4>\n<p>The access to the data we collect is limited only to authorized employees or Admin collaborators and other authorized entities that manage the shop and got special permission.<br \/> The personal data of users can be shared with authorities that are entitled to this access on the basis of law, especially due judicial authority.<br \/> The users\u2019 personal data can be also shared with Third Parties in order to properly fulfill the purchase contract and other shop services. The data are shared with the following entities:<br \/> \u2013 courier company<br \/> \u2013 PayU platform<br \/> \u2013 software provider<br \/> \u2013 hosting management firm<br \/> \u2013 accountant firm<\/p>\n<h4>5. Contact and user rights<\/h4>\n<p>Each user of BIO JUICE Shop has a right to get personal data information regarding the data we handle for free. Moreover, user can ask to change, limit, transfer or delete the data in any moment.<\/p>\n<h2>Cookies policy<\/h2>\n<h4>1. Cookies<\/h4>\n<p>Cookies is a small piece of data sent from a website and stored on the user&#8217;s computer by the user&#8217;s web browser while the user is browsing.<\/p>\n<h4>2. Purpose of cookies handling<\/h4>\n<p>The admin can handle the cookies data collected from users in several purposes:<br \/> \u2022 To identify the users that are logged in and display this status<br \/> \u2022 To remember the list of products that are added to the basket to enable proper order placement<br \/> \u2022 To remember the data from Purchase form, survey, or logging data<br \/> \u2022 To keep anonymous statistics of website usage through data available via Google Analytics<\/p>\n<h4>3. Agreement and Cookies set up in browser<\/h4>\n<p>Majority of web browser that are available on the market save cookies by default. However, each user has a right to change cookies settings. Therefore, user can partially limit (for example time limit) or make saving cookies impossible under any conditions \u2013 though this option can influence some functionalities of Online Shop. You can find the instructions how to set up Cookies settings in each browser on the browsers\u2019 websites:<br \/> \u2022 Mozilla Firefox: <a href=\"https:\/\/support.mozilla.org\/en-US\/kb\/block-websites-storing-site-preferences\" target=\"_blank\" rel=\"noopener noreferrer\">https:\/\/support.mozilla.org\/en-US\/kb\/block-websites-storing-site-preferences<\/a><br \/> \u2022 Google Chrome: <a href=\"https:\/\/support.google.com\/chrome\/answer\/95647?hl=en\" target=\"_blank\" rel=\"noopener noreferrer\">https:\/\/support.google.com\/chrome\/answer\/95647?hl=en<\/a><br \/> \u2022 Internet Explorer: <a href=\"https:\/\/support.microsoft.com\/en-gb\/help\/17442\/windows-internet-explorer-delete-manage-cookies\" target=\"_blank\" rel=\"noopener noreferrer\">https:\/\/support.microsoft.com\/en-gb\/help\/17442\/windows-internet-explorer-delete-manage-cookies<\/a><br \/> \u2022 Opera: <a href=\"http:\/\/help.opera.com\/Linux\/9.22\/en\/cookies.htmlh\" target=\"_blank\" rel=\"noopener noreferrer\">http:\/\/help.opera.com\/Linux\/9.22\/en\/cookies.htmlh<\/a><br \/> \u2022 Safari: <a href=\"http:\/\/support.apple.com\/kb\/ph5042\" target=\"_blank\" rel=\"noopener noreferrer\">http:\/\/support.apple.com\/kb\/ph5042<\/a><br \/> Zgoda w formularzu:<br \/> I agree for processing of my personal data for P.P.H.U Bio Juice Piotr Michalak contained in the form in order to reply to my message\/enquiry.<br \/> At the same time I confirm that I have read private policy.<\/p>\n<p>[\/et_pb_text][\/et_pb_column][\/et_pb_row][\/et_pb_section][et_pb_section fb_built=&#8221;1&#8243; _builder_version=&#8221;4.6.5&#8243; _module_preset=&#8221;default&#8221; background_enable_color=&#8221;off&#8221; custom_padding=&#8221;0px||||false|false&#8221; locked=&#8221;off&#8221;][et_pb_row _builder_version=&#8221;4.6.5&#8243; _module_preset=&#8221;default&#8221; background_color=&#8221;#e5e5e5&#8243;][et_pb_column type=&#8221;4_4&#8243; _builder_version=&#8221;4.6.5&#8243; _module_preset=&#8221;default&#8221;][et_pb_blurb image=&#8221;https:\/\/biojuice.pl\/en\/wp-content\/uploads\/2020\/10\/logo-bio.png&#8221; icon_placement=&#8221;left&#8221; image_max_width=&#8221;56px&#8221; _builder_version=&#8221;4.6.5&#8243; _module_preset=&#8221;default&#8221; body_font=&#8221;|600|||||||&#8221; body_font_size=&#8221;18px&#8221;]PL-EKO-04<br \/>\nOur products are officially certified organic.[\/et_pb_blurb][\/et_pb_column][\/et_pb_row][\/et_pb_section][et_pb_section fb_built=&#8221;1&#8243; _builder_version=&#8221;4.6.5&#8243; _module_preset=&#8221;default&#8221; background_color=&#8221;#669030&#8243; custom_padding=&#8221;0px||0px|||&#8221; locked=&#8221;off&#8221;][et_pb_row column_structure=&#8221;1_2,1_2&#8243; make_equal=&#8221;on&#8221; custom_padding_last_edited=&#8221;on|tablet&#8221; _builder_version=&#8221;4.6.5&#8243; background_enable_color=&#8221;off&#8221; background_size=&#8221;initial&#8221; background_position=&#8221;top_left&#8221; background_repeat=&#8221;repeat&#8221; width_tablet=&#8221;100%&#8221; width_phone=&#8221;&#8221; width_last_edited=&#8221;on|tablet&#8221; custom_padding_tablet=&#8221;||0px||false|false&#8221; custom_padding_phone=&#8221;&#8221; border_color_bottom=&#8221;#e5e5e5&#8243; border_width_bottom_tablet=&#8221;0px&#8221; border_width_bottom_phone=&#8221;&#8221; border_width_bottom_last_edited=&#8221;on|tablet&#8221; locked=&#8221;off&#8221;][et_pb_column type=&#8221;1_2&#8243; _builder_version=&#8221;4.6.5&#8243; background_image=&#8221;https:\/\/biojuice.pl\/en\/wp-content\/uploads\/2020\/10\/A-33-2.jpg&#8221; background_size=&#8221;contain&#8221; custom_padding=&#8221;|||&#8221; background_last_edited=&#8221;on|tablet&#8221; background_enable_image_tablet=&#8221;off&#8221; custom_padding__hover=&#8221;|||&#8221;][et_pb_image src=&#8221;https:\/\/biojuice.pl\/en\/wp-content\/uploads\/2020\/10\/A-33-2.jpg&#8221; title_text=&#8221;A-33-2&#8243; align=&#8221;center&#8221; force_fullwidth=&#8221;on&#8221; disabled_on=&#8221;off|off|on&#8221; _builder_version=&#8221;4.6.5&#8243; _module_preset=&#8221;default&#8221; custom_padding=&#8221;|15px||15px|false|true&#8221;][\/et_pb_image][\/et_pb_column][et_pb_column type=&#8221;1_2&#8243; _builder_version=&#8221;4.6.5&#8243; background_enable_image=&#8221;off&#8221; background_size=&#8221;contain&#8221; custom_padding=&#8221;30px||81px||false|false&#8221; background_last_edited=&#8221;on|tablet&#8221; background_enable_color_tablet=&#8221;off&#8221; background_enable_image_tablet=&#8221;off&#8221; border_width_bottom_tablet=&#8221;0px&#8221; border_width_bottom_phone=&#8221;&#8221; border_width_bottom_last_edited=&#8221;on|tablet&#8221; custom_padding__hover=&#8221;|||&#8221;][et_pb_image src=&#8221;https:\/\/biojuice.pl\/en\/wp-content\/uploads\/2020\/10\/img-1.png&#8221; title_text=&#8221;img-1&#8243; align_tablet=&#8221;center&#8221; align_phone=&#8221;&#8221; align_last_edited=&#8221;on|tablet&#8221; _builder_version=&#8221;4.6.5&#8243; _module_preset=&#8221;default&#8221; custom_margin=&#8221;|||100px|false|false&#8221; custom_margin_tablet=&#8221;|||0px|false|false&#8221; custom_margin_phone=&#8221;&#8221; custom_margin_last_edited=&#8221;on|tablet&#8221; locked=&#8221;off&#8221;][\/et_pb_image][et_pb_text _builder_version=&#8221;4.6.5&#8243; _module_preset=&#8221;default&#8221; header_font=&#8221;|700|||||||&#8221; header_text_align=&#8221;center&#8221; header_text_color=&#8221;#81980a&#8221; header_font_size=&#8221;28px&#8221; header_2_font=&#8221;|800|||||||&#8221; header_2_text_align=&#8221;left&#8221; header_2_text_color=&#8221;#ffffff&#8221; header_2_text_align_tablet=&#8221;center&#8221; header_2_text_align_phone=&#8221;&#8221; header_2_text_align_last_edited=&#8221;on|tablet&#8221; locked=&#8221;off&#8221;]<\/p>\n<h2>See how it works in practice!<\/h2>\n<p>[\/et_pb_text][et_pb_text ul_type=&#8221;none&#8221; module_class=&#8221;lista&#8221; _builder_version=&#8221;4.6.5&#8243; _module_preset=&#8221;default&#8221; text_font=&#8221;|700||on|||||&#8221; text_text_color=&#8221;#ffffff&#8221; text_font_size=&#8221;18px&#8221; link_font=&#8221;|700|||on||||&#8221; link_text_color=&#8221;#ffffff&#8221; custom_margin=&#8221;||36px|||&#8221; custom_padding=&#8221;||||false|false&#8221; custom_padding_tablet=&#8221;&#8221; custom_padding_phone=&#8221;&#8221; custom_padding_last_edited=&#8221;on|phone&#8221; text_orientation_tablet=&#8221;&#8221; text_orientation_phone=&#8221;&#8221; text_orientation_last_edited=&#8221;on|desktop&#8221; locked=&#8221;off&#8221;]We plant, harvest, process, pack and ship.[\/et_pb_text][et_pb_text ul_type=&#8221;none&#8221; module_class=&#8221;lista&#8221; _builder_version=&#8221;4.6.5&#8243; _module_preset=&#8221;default&#8221; text_font=&#8221;|700|||||||&#8221; text_text_color=&#8221;#ffffff&#8221; text_font_size=&#8221;18px&#8221; link_font=&#8221;|700|||on||||&#8221; link_text_color=&#8221;#ffffff&#8221; custom_margin=&#8221;||36px|||&#8221; custom_padding=&#8221;||||false|false&#8221; custom_padding_tablet=&#8221;&#8221; custom_padding_phone=&#8221;&#8221; custom_padding_last_edited=&#8221;on|phone&#8221; text_orientation_tablet=&#8221;&#8221; text_orientation_phone=&#8221;&#8221; text_orientation_last_edited=&#8221;on|desktop&#8221; locked=&#8221;off&#8221;]<\/p>\n<p>To make sure you get only best quality products we have control<br \/>\nover the whole process.<\/p>\n<p>[\/et_pb_text][et_pb_text ul_type=&#8221;none&#8221; module_class=&#8221;lista&#8221; _builder_version=&#8221;4.6.5&#8243; _module_preset=&#8221;default&#8221; text_font=&#8221;|700|||||||&#8221; text_text_color=&#8221;#ffffff&#8221; text_font_size=&#8221;18px&#8221; link_font=&#8221;|700|||on||||&#8221; link_text_color=&#8221;#ffffff&#8221; custom_margin=&#8221;||36px|||&#8221; custom_padding=&#8221;||||false|false&#8221; custom_padding_tablet=&#8221;&#8221; custom_padding_phone=&#8221;&#8221; custom_padding_last_edited=&#8221;on|phone&#8221; text_orientation_tablet=&#8221;&#8221; text_orientation_phone=&#8221;&#8221; text_orientation_last_edited=&#8221;on|desktop&#8221; locked=&#8221;off&#8221;]<\/p>\n<p>Visit also the website of our organic farm website <a style=\"color: white;\" href=\"https:\/\/aroniafarm.net\/en\" target=\"_blank\" rel=\"noopener noreferrer\">aroniafarm.net<\/a><\/p>\n<p>[\/et_pb_text][\/et_pb_column][\/et_pb_row][\/et_pb_section][et_pb_section fb_built=&#8221;1&#8243; _builder_version=&#8221;4.6.5&#8243; _module_preset=&#8221;default&#8221;][et_pb_row _builder_version=&#8221;4.6.5&#8243; _module_preset=&#8221;default&#8221;][et_pb_column type=&#8221;4_4&#8243; _builder_version=&#8221;4.6.5&#8243; _module_preset=&#8221;default&#8221;][et_pb_gallery gallery_ids=&#8221;347,348,349,350,351,352,353,354&#8243; posts_number=&#8221;8&#8243; show_title_and_caption=&#8221;off&#8221; show_pagination=&#8221;off&#8221; _builder_version=&#8221;4.6.5&#8243; _module_preset=&#8221;default&#8221;][\/et_pb_gallery][\/et_pb_column][\/et_pb_row][\/et_pb_section]<\/p>\n","protected":false},"excerpt":{"rendered":"<p>[et_pb_section fb_built=&#8221;1&#8243; _builder_version=&#8221;4.6.5&#8243; _module_preset=&#8221;default&#8221; custom_padding=&#8221;30px|||||&#8221; locked=&#8221;off&#8221;][et_pb_row _builder_version=&#8221;4.6.5&#8243; _module_preset=&#8221;default&#8221; locked=&#8221;off&#8221;][et_pb_column type=&#8221;4_4&#8243; _builder_version=&#8221;4.6.5&#8243; _module_preset=&#8221;default&#8221;][et_pb_image src=&#8221;https:\/\/biojuice.pl\/en\/wp-content\/uploads\/2020\/10\/sliwka.png&#8221; title_text=&#8221;sliwka&#8221; align=&#8221;center&#8221; _builder_version=&#8221;4.6.5&#8243; _module_preset=&#8221;default&#8221;][\/et_pb_image][et_pb_text _builder_version=&#8221;4.6.5&#8243; _module_preset=&#8221;default&#8221; header_font=&#8221;|700|||||||&#8221; header_text_align=&#8221;center&#8221; header_text_color=&#8221;#81980a&#8221; header_font_size=&#8221;28px&#8221; header_2_font=&#8221;|800|||||||&#8221; header_2_text_align=&#8221;center&#8221; header_2_text_color=&#8221;#669030&#8243;] Privacy Policy [\/et_pb_text][et_pb_text _builder_version=&#8221;4.6.5&#8243; _module_preset=&#8221;default&#8221; text_font=&#8221;|700|||||||&#8221; text_text_color=&#8221;#4d4d4d&#8221; text_font_size=&#8221;17px&#8221; link_font=&#8221;|700||||||#669030|&#8221; link_text_color=&#8221;#669030&#8243; header_3_font=&#8221;Lato|||on|||||&#8221; header_3_text_align=&#8221;left&#8221; header_3_text_color=&#8221;#4d4d4d&#8221; text_orientation=&#8221;justified&#8221; custom_margin=&#8221;||23px||false|false&#8221; locked=&#8221;off&#8221;] Dear User! We try our best to make you comfortable and secure while [&hellip;]<\/p>\n","protected":false},"author":1,"featured_media":0,"parent":0,"menu_order":0,"comment_status":"closed","ping_status":"closed","template":"","meta":{"_et_pb_use_builder":"on","_et_pb_old_content":"<!-- wp:heading --><h2>Kim jeste\u015bmy<\/h2><!-- \/wp:heading --><!-- wp:paragraph --><p>Adres naszej strony internetowej to: https:\/\/biojuice.pl\/en.<\/p><!-- \/wp:paragraph --><!-- wp:heading --><h2>Jakie dane osobiste zbieramy i dlaczego je zbieramy<\/h2><!-- \/wp:heading --><!-- wp:heading {\"level\":3} --><h3>Komentarze<\/h3><!-- \/wp:heading --><!-- wp:paragraph --><p>Kiedy odwiedzaj\u0105cy witryn\u0119 zostawia komentarz, zbieramy dane widoczne w formularzu komentowania, jak i adres IP odwiedzaj\u0105cego oraz podpis jego przegl\u0105darki jako pomoc przy wykrywaniu spamu.<\/p><!-- \/wp:paragraph --><!-- wp:paragraph --><p>Zanonimizowany ci\u0105g znak\u00f3w stworzony na podstawie twojego adresu email (tak zwany hash) mo\u017ce zosta\u0107 przes\u0142any do us\u0142ugi Gravatar w celu sprawdzenia czy jej u\u017cywasz. Polityka prywatno\u015bci us\u0142ugi Gravatar jest dost\u0119pna tutaj: https:\/\/automattic.com\/privacy\/. Po zatwierdzeniu komentarza tw\u00f3j obrazek profilowy jest widoczny publicznie w kontek\u015bcie twojego komentarza.<\/p><!-- \/wp:paragraph --><!-- wp:heading {\"level\":3} --><h3>Media<\/h3><!-- \/wp:heading --><!-- wp:paragraph --><p>Je\u015bli jeste\u015b zarejestrowanym u\u017cytkownikiem i wgrywasz na witryn\u0119 obrazki, powiniene\u015b unika\u0107 przesy\u0142ania obrazk\u00f3w z tagami EXIF lokalizacji. Odwiedzaj\u0105cy stron\u0119 mog\u0105 pobra\u0107 i odczyta\u0107 pe\u0142ne dane lokalizacyjne z obrazk\u00f3w w witrynie.<\/p><!-- \/wp:paragraph --><!-- wp:heading {\"level\":3} --><h3>Formularze kontaktowe<\/h3><!-- \/wp:heading --><!-- wp:heading {\"level\":3} --><h3>Ciasteczka<\/h3><!-- \/wp:heading --><!-- wp:paragraph --><p>Je\u015bli zostawisz na naszej witrynie komentarz, b\u0119dziesz m\u00f3g\u0142 wybra\u0107 opcj\u0119 zapisu twojej nazwy, adresu email i adresu strony internetowej w ciasteczkach, dzi\u0119ki kt\u00f3rym podczas pisania kolejnych komentarzy powy\u017csze informacje b\u0119d\u0105 ju\u017c dogodnie uzupe\u0142nione. Te ciasteczka wygasaj\u0105 po roku.<\/p><!-- \/wp:paragraph --><!-- wp:paragraph --><p>Je\u015bli odwiedzisz stron\u0119 logowania, utworzymy tymczasowe ciasteczko na potrzeby sprawdzenia czy twoja przegl\u0105darka akceptuje ciasteczka. To ciasteczko nie zawiera \u017cadnych danych osobistych i zostanie wyrzucone, kiedy zamkniesz przegl\u0105dark\u0119.<\/p><!-- \/wp:paragraph --><!-- wp:paragraph --><p>Podczas logowania tworzymy dodatkowo kilka ciasteczek potrzebnych do zapisu twoich informacji logowania oraz wybranych opcji ekranu. Ciasteczka logowania wygasaj\u0105 po dw\u00f3ch dniach, a opcji ekranu po roku. Je\u015bli zaznaczysz opcj\u0119 &bdquo;Pami\u0119taj mnie&rdquo;, logowanie wyga\u015bnie po dw\u00f3ch tygodniach. Je\u015bli wylogujesz si\u0119 ze swojego konta, ciasteczka logowania zostan\u0105 usuni\u0119te.<\/p><!-- \/wp:paragraph --><!-- wp:paragraph --><p>Je\u015bli zmodyfikujesz albo opublikujesz artyku\u0142, w twojej przegl\u0105darce zostanie zapisane dodatkowe ciasteczko. To ciasteczko nie zawiera \u017cadnych danych osobistych, wskazuj\u0105c po prostu na identyfikator przed chwil\u0105 edytowanego artyku\u0142u. Wygasa ono po 1 dniu.<\/p><!-- \/wp:paragraph --><!-- wp:heading {\"level\":3} --><h3>Osadzone tre\u015bci z innych witryn<\/h3><!-- \/wp:heading --><!-- wp:paragraph --><p>Artyku\u0142y na tej witrynie mog\u0105 zawiera\u0107 osadzone tre\u015bci (np. filmy, obrazki, artyku\u0142y itp.). Osadzone tre\u015bci z innych witryn zachowuj\u0105 si\u0119 analogicznie do tego, jakby u\u017cytkownik odwiedzi\u0142 bezpo\u015brednio konkretn\u0105 witryn\u0119.<\/p><!-- \/wp:paragraph --><!-- wp:paragraph --><p>Witryny mog\u0105 zbiera\u0107 informacje o tobie, u\u017cywa\u0107 ciasteczek, do\u0142\u0105cza\u0107 dodatkowe, zewn\u0119trzne systemy \u015bledzenia i monitorowa\u0107 twoje interakcje z osadzonym materia\u0142em, w\u0142\u0105czaj\u0105c w to \u015bledzenie twoich interakcji z osadzonym materia\u0142em je\u015bli posiadasz konto i jeste\u015b zalogowany w tamtej witrynie.<\/p><!-- \/wp:paragraph --><!-- wp:heading {\"level\":3} --><h3>Analiza statystyk<\/h3><!-- \/wp:heading --><!-- wp:heading --><h2>Z kim dzielimy si\u0119 danymi<\/h2><!-- \/wp:heading --><!-- wp:heading --><h2>Jak d\u0142ugo przechowujemy twoje dane<\/h2><!-- \/wp:heading --><!-- wp:paragraph --><p>Je\u015bli zostawisz komentarz, jego tre\u015b\u0107 i metadane b\u0119d\u0105 przechowywane przez czas nieokre\u015blony. Dzi\u0119ki temu jeste\u015bmy w stanie rozpoznawa\u0107 i zatwierdza\u0107 kolejne komentarze automatycznie, bez wysy\u0142ania ich do ka\u017cdorazowej moderacji.<\/p><!-- \/wp:paragraph --><!-- wp:paragraph --><p>Dla u\u017cytkownik\u00f3w kt\u00f3rzy zarejestrowali si\u0119 na naszej stronie internetowej (je\u015bli tacy s\u0105), przechowujemy r\u00f3wnie\u017c informacje osobiste wprowadzone w profilu. Ka\u017cdy u\u017cytkownik mo\u017ce dokona\u0107 wgl\u0105du, korekty albo skasowa\u0107 swoje informacje osobiste w dowolnej chwili (nie licz\u0105c nazwy u\u017cytkownika, kt\u00f3rej nie mo\u017cna zmieni\u0107). Administratorzy strony r\u00f3wnie\u017c mog\u0105 przegl\u0105da\u0107 i modyfikowa\u0107 te informacje.<\/p><!-- \/wp:paragraph --><!-- wp:heading --><h2>Jakie masz prawa do swoich danych<\/h2><!-- \/wp:heading --><!-- wp:paragraph --><p>Je\u015bli masz konto u\u017cytkownika albo doda\u0142e\u015b komentarze w tej witrynie, mo\u017cesz za\u017c\u0105da\u0107 dostarczenia pliku z wyeksportowanym kompletem twoich danych osobistych b\u0119d\u0105cych w naszym posiadaniu, w tym ca\u0142o\u015b\u0107 tych dostarczonych przez ciebie. Mo\u017cesz r\u00f3wnie\u017c za\u017c\u0105da\u0107 usuni\u0119cia przez nas ca\u0142o\u015bci twoich danych osobistych w naszym posiadaniu. Nie dotyczy to \u017cadnych danych kt\u00f3re jeste\u015bmy zobligowani zachowa\u0107 ze wzgl\u0119d\u00f3w administracyjnych, prawnych albo bezpiecze\u0144stwa.<\/p><!-- \/wp:paragraph --><!-- wp:heading --><h2>Gdzie przesy\u0142amy dane<\/h2><!-- \/wp:heading --><!-- wp:paragraph --><p>Komentarze go\u015bci mog\u0105 by\u0107 sprawdzane za pomoc\u0105 automatycznej us\u0142ugi wykrywania spamu.<\/p><!-- \/wp:paragraph --><!-- wp:heading --><h2>Twoje dane kontaktowe<\/h2><!-- \/wp:heading --><!-- wp:heading --><h2>Informacje dodatkowe<\/h2><!-- \/wp:heading --><!-- wp:heading {\"level\":3} --><h3>Jak chronimy twoje dane?<\/h3><!-- \/wp:heading --><!-- wp:heading {\"level\":3} --><h3>Jakie mamy obowi\u0105zuj\u0105ce procedury w przypadku naruszenia prywatno\u015bci danych<\/h3><!-- \/wp:heading --><!-- wp:heading {\"level\":3} --><h3>Od jakich stron trzecich otrzymujemy dane<\/h3><!-- \/wp:heading --><!-- wp:heading {\"level\":3} --><h3>Jakie automatyczne podejmowanie decyzji i\/lub tworzenie profili przeprowadzamy z u\u017cyciem danych u\u017cytkownika<\/h3><!-- \/wp:heading --><!-- wp:heading {\"level\":3} --><h3>Bran\u017cowe wymogi regulacyjne dotycz\u0105ce ujawniania informacji<\/h3><!-- \/wp:heading -->","_et_gb_content_width":""},"yoast_head":"<!-- This site is optimized with the Yoast SEO plugin v15.2 - https:\/\/yoast.com\/wordpress\/plugins\/seo\/ -->\n<title>Privacy Policy - Biojuice<\/title>\n<meta name=\"robots\" content=\"index, follow, max-snippet:-1, max-image-preview:large, max-video-preview:-1\" \/>\n<link rel=\"canonical\" href=\"https:\/\/biojuice.pl\/en\/privacy-policy\/\" \/>\n<meta property=\"og:locale\" content=\"en_GB\" \/>\n<meta property=\"og:type\" content=\"article\" \/>\n<meta property=\"og:title\" content=\"Privacy Policy - Biojuice\" \/>\n<meta property=\"og:description\" content=\"[et_pb_section fb_built=&#8221;1&#8243; _builder_version=&#8221;4.6.5&#8243; _module_preset=&#8221;default&#8221; custom_padding=&#8221;30px|||||&#8221; locked=&#8221;off&#8221;][et_pb_row _builder_version=&#8221;4.6.5&#8243; _module_preset=&#8221;default&#8221; locked=&#8221;off&#8221;][et_pb_column type=&#8221;4_4&#8243; _builder_version=&#8221;4.6.5&#8243; _module_preset=&#8221;default&#8221;][et_pb_image src=&#8221;https:\/\/biojuice.pl\/en\/wp-content\/uploads\/2020\/10\/sliwka.png&#8221; title_text=&#8221;sliwka&#8221; align=&#8221;center&#8221; _builder_version=&#8221;4.6.5&#8243; _module_preset=&#8221;default&#8221;][\/et_pb_image][et_pb_text _builder_version=&#8221;4.6.5&#8243; _module_preset=&#8221;default&#8221; header_font=&#8221;|700|||||||&#8221; header_text_align=&#8221;center&#8221; header_text_color=&#8221;#81980a&#8221; header_font_size=&#8221;28px&#8221; header_2_font=&#8221;|800|||||||&#8221; header_2_text_align=&#8221;center&#8221; header_2_text_color=&#8221;#669030&#8243;] Privacy Policy [\/et_pb_text][et_pb_text _builder_version=&#8221;4.6.5&#8243; _module_preset=&#8221;default&#8221; text_font=&#8221;|700|||||||&#8221; text_text_color=&#8221;#4d4d4d&#8221; text_font_size=&#8221;17px&#8221; link_font=&#8221;|700||||||#669030|&#8221; link_text_color=&#8221;#669030&#8243; header_3_font=&#8221;Lato|||on|||||&#8221; header_3_text_align=&#8221;left&#8221; header_3_text_color=&#8221;#4d4d4d&#8221; text_orientation=&#8221;justified&#8221; custom_margin=&#8221;||23px||false|false&#8221; locked=&#8221;off&#8221;] Dear User! We try our best to make you comfortable and secure while [&hellip;]\" \/>\n<meta property=\"og:url\" content=\"https:\/\/biojuice.pl\/en\/privacy-policy\/\" \/>\n<meta property=\"og:site_name\" content=\"Biojuice\" \/>\n<meta property=\"article:modified_time\" content=\"2023-02-01T13:53:16+00:00\" \/>\n<meta name=\"twitter:card\" content=\"summary_large_image\" \/>\n<meta name=\"twitter:label1\" value=\"Written by\">\n\t<meta name=\"twitter:data1\" value=\"biojuice_admin\">\n\t<meta name=\"twitter:label2\" value=\"Estimated reading time\">\n\t<meta name=\"twitter:data2\" value=\"6 minutes\">\n<script type=\"application\/ld+json\" class=\"yoast-schema-graph\">{\"@context\":\"https:\/\/schema.org\",\"@graph\":[{\"@type\":\"WebSite\",\"@id\":\"https:\/\/biojuice.pl\/en\/#website\",\"url\":\"https:\/\/biojuice.pl\/en\/\",\"name\":\"Biojuice\",\"description\":\"Organic Aronia Products\",\"potentialAction\":[{\"@type\":\"SearchAction\",\"target\":\"https:\/\/biojuice.pl\/en\/?s={search_term_string}\",\"query-input\":\"required name=search_term_string\"}],\"inLanguage\":\"en-GB\"},{\"@type\":\"WebPage\",\"@id\":\"https:\/\/biojuice.pl\/en\/privacy-policy\/#webpage\",\"url\":\"https:\/\/biojuice.pl\/en\/privacy-policy\/\",\"name\":\"Privacy Policy - Biojuice\",\"isPartOf\":{\"@id\":\"https:\/\/biojuice.pl\/en\/#website\"},\"datePublished\":\"2020-10-11T10:50:44+00:00\",\"dateModified\":\"2023-02-01T13:53:16+00:00\",\"inLanguage\":\"en-GB\",\"potentialAction\":[{\"@type\":\"ReadAction\",\"target\":[\"https:\/\/biojuice.pl\/en\/privacy-policy\/\"]}]}]}<\/script>\n<!-- \/ Yoast SEO plugin. -->","_links":{"self":[{"href":"https:\/\/biojuice.pl\/en\/wp-json\/wp\/v2\/pages\/3"}],"collection":[{"href":"https:\/\/biojuice.pl\/en\/wp-json\/wp\/v2\/pages"}],"about":[{"href":"https:\/\/biojuice.pl\/en\/wp-json\/wp\/v2\/types\/page"}],"author":[{"embeddable":true,"href":"https:\/\/biojuice.pl\/en\/wp-json\/wp\/v2\/users\/1"}],"replies":[{"embeddable":true,"href":"https:\/\/biojuice.pl\/en\/wp-json\/wp\/v2\/comments?post=3"}],"version-history":[{"count":6,"href":"https:\/\/biojuice.pl\/en\/wp-json\/wp\/v2\/pages\/3\/revisions"}],"predecessor-version":[{"id":1245,"href":"https:\/\/biojuice.pl\/en\/wp-json\/wp\/v2\/pages\/3\/revisions\/1245"}],"wp:attachment":[{"href":"https:\/\/biojuice.pl\/en\/wp-json\/wp\/v2\/media?parent=3"}],"curies":[{"name":"wp","href":"https:\/\/api.w.org\/{rel}","templated":true}]}}